{"id":64,"date":"2025-10-20T08:46:48","date_gmt":"2025-10-20T08:46:48","guid":{"rendered":"https:\/\/pmr-parts.com\/?page_id=64"},"modified":"2025-10-24T00:43:11","modified_gmt":"2025-10-24T00:43:11","slug":"kontakt-2","status":"publish","type":"page","link":"https:\/\/pmr-parts.com\/en\/kontakt-2\/","title":{"rendered":"Are there any old treasures lying around?"},"content":{"rendered":"\n<div class=\"wp-block-group alignfull has-background-background-color has-background is-layout-constrained wp-block-group-is-layout-constrained\" style=\"margin-top:0;margin-bottom:0;padding-top:var(--wp--preset--spacing--60);padding-bottom:var(--wp--preset--spacing--60)\">\n<div class=\"wp-block-columns alignwide is-layout-flex wp-container-core-columns-is-layout-08c01c1c wp-block-columns-is-layout-flex\">\n<div class=\"wp-block-column is-layout-flow wp-block-column-is-layout-flow\"><\/div>\n<\/div>\n<\/div>\n\n\n\n<div class=\"wp-block-group alignfull has-background-background-color has-background is-layout-constrained wp-container-core-group-is-layout-9b19db8b wp-block-group-is-layout-constrained\" style=\"margin-top:0;margin-bottom:0;padding-top:var(--wp--preset--spacing--60);padding-right:var(--wp--preset--spacing--30);padding-bottom:var(--wp--preset--spacing--60);padding-left:var(--wp--preset--spacing--30)\">\n<div class=\"wp-block-media-text alignwide has-media-on-the-right is-stacked-on-mobile is-vertically-aligned-center is-image-fill-element\" style=\"padding-right:0;padding-left:0;grid-template-columns:auto 40%\"><div class=\"wp-block-media-text__content\">\n<div class=\"wp-block-group is-content-justification-left is-layout-constrained wp-container-core-group-is-layout-cdff7eec wp-block-group-is-layout-constrained\" style=\"padding-top:var(--wp--preset--spacing--30);padding-right:0;padding-bottom:var(--wp--preset--spacing--30);padding-left:0\">\n<h2 class=\"wp-block-heading has-large-font-size\">\u00dcbersenden Sie uns Infos zu Ihrem Motorrad, wir lassen Ihnen ein Ankaufsangebot zukommen. Schnell, unkompliziert, fair.<\/h2>\n\n\n\n<p style=\"margin-top:16px\"><\/p>\n\n\n\n<ul style=\"line-height:2\" class=\"wp-block-list has-small-font-size\">\n<li>Infos zum Motorrad angeben<\/li>\n\n\n\n<li>Angebot vom Ankaufsteam erhalten<\/li>\n\n\n\n<li>Abholungstermin vereinbaren<\/li>\n\n\n\n<li>Geld erhalten<\/li>\n<\/ul>\n\n\n\n<div class=\"wp-block-buttons is-layout-flex wp-container-core-buttons-is-layout-12dcd427 wp-block-buttons-is-layout-flex\" style=\"margin-top:var(--wp--preset--spacing--40)\"><\/div>\n<\/div>\n<\/div><figure class=\"wp-block-media-text__media\"><img loading=\"lazy\" decoding=\"async\" width=\"1152\" height=\"1440\" class=\"wp-image-131 size-full\" src=\"https:\/\/pmr-parts.com\/wp-content\/uploads\/2025\/10\/377148b602f6dc40010f9515b589be437271052c.jpg\" alt=\"\" style=\"object-position:50% 50%\" srcset=\"https:\/\/pmr-parts.com\/wp-content\/uploads\/2025\/10\/377148b602f6dc40010f9515b589be437271052c.jpg 1152w, https:\/\/pmr-parts.com\/wp-content\/uploads\/2025\/10\/377148b602f6dc40010f9515b589be437271052c-240x300.jpg 240w, https:\/\/pmr-parts.com\/wp-content\/uploads\/2025\/10\/377148b602f6dc40010f9515b589be437271052c-819x1024.jpg 819w, https:\/\/pmr-parts.com\/wp-content\/uploads\/2025\/10\/377148b602f6dc40010f9515b589be437271052c-768x960.jpg 768w\" sizes=\"auto, (max-width: 1152px) 100vw, 1152px\" \/><\/figure><\/div>\n<\/div>\n\n\n\n<p><\/p>\n\n\n\n<style id=\"wpforms-css-vars-74\">\n\t\t\t\t#wpforms-74 {\n\t\t\t\t--wpforms-field-border-color: rgba(0, 0, 0, 0.25);\n--wpforms-field-border-color-spare: rgba(0, 0, 0, 0.25);\n--wpforms-field-text-color: #000000;\n--wpforms-label-color: #ffffff;\n--wpforms-label-sublabel-color: #ffffff;\n--wpforms-button-background-color: #f23a3a;\n--wpforms-container-padding: 0px;\n--wpforms-container-border-width: 1px;\n--wpforms-container-border-radius: 3px;\n--wpforms-background-color: rgba(0, 0, 0, 0);\n--wpforms-field-size-input-height: 43px;\n--wpforms-field-size-input-spacing: 15px;\n--wpforms-field-size-font-size: 16px;\n--wpforms-field-size-line-height: 19px;\n--wpforms-field-size-padding-h: 14px;\n--wpforms-field-size-checkbox-size: 16px;\n--wpforms-field-size-sublabel-spacing: 5px;\n--wpforms-field-size-icon-size: 1;\n--wpforms-label-size-font-size: 16px;\n--wpforms-label-size-line-height: 19px;\n--wpforms-label-size-sublabel-font-size: 14px;\n--wpforms-label-size-sublabel-line-height: 17px;\n--wpforms-button-size-font-size: 17px;\n--wpforms-button-size-height: 41px;\n--wpforms-button-size-padding-h: 15px;\n--wpforms-button-size-margin-top: 10px;\n--wpforms-container-shadow-size-box-shadow: none;\n\t\t\t}\n\t\t\t<\/style><div class=\"wpforms-container wpforms-container-full wpforms-render-modern\" id=\"wpforms-74\"><form id=\"wpforms-form-74\" class=\"wpforms-validate wpforms-form wpforms-ajax-form\" data-formid=\"74\" method=\"post\" enctype=\"multipart\/form-data\" action=\"\/en\/wp-json\/wp\/v2\/pages\/64\" data-token=\"63def31c600a3ae13936844ad9d64397\" data-token-time=\"1776506434\"><noscript class=\"wpforms-error-noscript\">Please enable JavaScript in your browser to complete this form.<\/noscript><div id=\"wpforms-error-noscript\" style=\"display: none;\">Please enable JavaScript in your browser to complete this form.<\/div><div class=\"wpforms-field-container\"><div id=\"wpforms-74-field_14-container\" class=\"wpforms-field wpforms-field-text\" data-field-id=\"14\"><label class=\"wpforms-field-label\" for=\"wpforms-74-field_14\">Hersteller <span class=\"wpforms-required-label\" aria-hidden=\"true\">*<\/span><\/label><input type=\"text\" id=\"wpforms-74-field_14\" class=\"wpforms-field-medium wpforms-field-required\" name=\"wpforms[fields][14]\" aria-errormessage=\"wpforms-74-field_14-error\" aria-describedby=\"wpforms-74-field_14-description\" required><div id=\"wpforms-74-field_14-description\" class=\"wpforms-field-description\">Welche Marke \/ welchen Hersteller besitzt das Motorrad?<\/div><\/div><div id=\"wpforms-74-field_2-container\" class=\"wpforms-field wpforms-field-text\" data-field-id=\"2\"><label class=\"wpforms-field-label\" for=\"wpforms-74-field_2\">Baureihe <span class=\"wpforms-required-label\" aria-hidden=\"true\">*<\/span><\/label><input type=\"text\" id=\"wpforms-74-field_2\" class=\"wpforms-field-medium wpforms-field-required\" name=\"wpforms[fields][2]\" aria-errormessage=\"wpforms-74-field_2-error\" aria-describedby=\"wpforms-74-field_2-description\" required><div id=\"wpforms-74-field_2-description\" class=\"wpforms-field-description\">Die Info zur Baureihe finden Sie unter D.2 im Fahrzeugschein.<\/div><\/div><div id=\"wpforms-74-field_3-container\" class=\"wpforms-field wpforms-field-text\" data-field-id=\"3\"><label class=\"wpforms-field-label\" for=\"wpforms-74-field_3\">Modell <span class=\"wpforms-required-label\" aria-hidden=\"true\">*<\/span><\/label><input type=\"text\" id=\"wpforms-74-field_3\" class=\"wpforms-field-medium wpforms-field-required\" name=\"wpforms[fields][3]\" aria-errormessage=\"wpforms-74-field_3-error\" aria-describedby=\"wpforms-74-field_3-description\" required><div id=\"wpforms-74-field_3-description\" class=\"wpforms-field-description\">Die Info zum Modell finden Sie unter D.3 im Fahrzeugschein.<\/div><\/div><div id=\"wpforms-74-field_12-container\" class=\"wpforms-field wpforms-field-text\" data-field-id=\"12\"><label class=\"wpforms-field-label\" for=\"wpforms-74-field_12\">Farbe <span class=\"wpforms-required-label\" aria-hidden=\"true\">*<\/span><\/label><input type=\"text\" id=\"wpforms-74-field_12\" class=\"wpforms-field-medium wpforms-field-required\" name=\"wpforms[fields][12]\" aria-errormessage=\"wpforms-74-field_12-error\" required><\/div>\t\t<div id=\"wpforms-74-field_1-container\"\n\t\t\tclass=\"wpforms-field wpforms-field-text\"\n\t\t\tdata-field-type=\"text\"\n\t\t\tdata-field-id=\"1\"\n\t\t\t>\n\t\t\t<label class=\"wpforms-field-label\" for=\"wpforms-74-field_1\" >diese des m\u00f6glich)<\/label>\n\t\t\t<input type=\"text\" id=\"wpforms-74-field_1\" class=\"wpforms-field-medium\" name=\"wpforms[fields][1]\" >\n\t\t<\/div>\n\t\t<div id=\"wpforms-74-field_4-container\" class=\"wpforms-field wpforms-field-text\" data-field-id=\"4\"><label class=\"wpforms-field-label\" for=\"wpforms-74-field_4\">Erstzulassungsjahr <span class=\"wpforms-required-label\" aria-hidden=\"true\">*<\/span><\/label><input type=\"text\" id=\"wpforms-74-field_4\" class=\"wpforms-field-medium wpforms-field-required\" name=\"wpforms[fields][4]\" aria-errormessage=\"wpforms-74-field_4-error\" aria-describedby=\"wpforms-74-field_4-description\" required><div id=\"wpforms-74-field_4-description\" class=\"wpforms-field-description\">Die Info zum Erstzulassungsjahr finden Sie unter B im Fahrzeugschein.<\/div><\/div><div id=\"wpforms-74-field_17-container\" class=\"wpforms-field wpforms-field-checkbox\" data-field-id=\"17\"><fieldset><legend class=\"wpforms-field-label\">Bekannte Sch\u00e4den (Mehrfachauswahl m\u00f6glich)<\/legend><ul id=\"wpforms-74-field_17\"><li class=\"choice-1 depth-1\"><input type=\"checkbox\" id=\"wpforms-74-field_17_1\" name=\"wpforms[fields][17][]\" value=\"Schaden durch Unfall\" aria-errormessage=\"wpforms-74-field_17_1-error\"  ><label class=\"wpforms-field-label-inline\" for=\"wpforms-74-field_17_1\">Schaden durch Unfall<\/label><\/li><li class=\"choice-2 depth-1\"><input type=\"checkbox\" id=\"wpforms-74-field_17_2\" name=\"wpforms[fields][17][]\" value=\"Schaden durch Umfallen\" aria-errormessage=\"wpforms-74-field_17_2-error\"  ><label class=\"wpforms-field-label-inline\" for=\"wpforms-74-field_17_2\">Schaden durch Umfallen<\/label><\/li><li class=\"choice-3 depth-1\"><input type=\"checkbox\" id=\"wpforms-74-field_17_3\" name=\"wpforms[fields][17][]\" value=\"Rost am Tank\" aria-errormessage=\"wpforms-74-field_17_3-error\"  ><label class=\"wpforms-field-label-inline\" for=\"wpforms-74-field_17_3\">Rost am Tank<\/label><\/li><li class=\"choice-4 depth-1\"><input type=\"checkbox\" id=\"wpforms-74-field_17_4\" name=\"wpforms[fields][17][]\" value=\"Gabel muss gewartet werden\" aria-errormessage=\"wpforms-74-field_17_4-error\"  ><label class=\"wpforms-field-label-inline\" for=\"wpforms-74-field_17_4\">Gabel muss gewartet werden<\/label><\/li><li class=\"choice-5 depth-1\"><input type=\"checkbox\" id=\"wpforms-74-field_17_5\" name=\"wpforms[fields][17][]\" value=\"keine Sch\u00e4den\" aria-errormessage=\"wpforms-74-field_17_5-error\"  ><label class=\"wpforms-field-label-inline\" for=\"wpforms-74-field_17_5\">keine Sch\u00e4den<\/label><\/li><\/ul><\/fieldset><\/div><div id=\"wpforms-74-field_16-container\" class=\"wpforms-field wpforms-field-text\" data-field-id=\"16\"><label class=\"wpforms-field-label\" for=\"wpforms-74-field_16\">Bestehen weitere Sch\u00e4den? Beschreiben Sie diese gerne.<\/label><input type=\"text\" id=\"wpforms-74-field_16\" class=\"wpforms-field-medium\" name=\"wpforms[fields][16]\" aria-errormessage=\"wpforms-74-field_16-error\" ><\/div><div id=\"wpforms-74-field_11-container\" class=\"wpforms-field wpforms-field-text\" data-field-id=\"11\"><label class=\"wpforms-field-label\" for=\"wpforms-74-field_11\">Das m\u00f6chte ich noch loswerden<\/label><input type=\"text\" id=\"wpforms-74-field_11\" class=\"wpforms-field-medium\" name=\"wpforms[fields][11]\" aria-errormessage=\"wpforms-74-field_11-error\" ><\/div><div id=\"wpforms-74-field_13-container\" class=\"wpforms-field wpforms-field-text\" data-field-id=\"13\"><label class=\"wpforms-field-label\" for=\"wpforms-74-field_13\">Standort des Motorrads <span class=\"wpforms-required-label\" aria-hidden=\"true\">*<\/span><\/label><input type=\"text\" id=\"wpforms-74-field_13\" class=\"wpforms-field-medium wpforms-field-required\" name=\"wpforms[fields][13]\" aria-errormessage=\"wpforms-74-field_13-error\" aria-describedby=\"wpforms-74-field_13-description\" required><div id=\"wpforms-74-field_13-description\" class=\"wpforms-field-description\">Ort ist zun\u00e4chst ausreichend<\/div><\/div><div id=\"wpforms-74-field_15-container\" class=\"wpforms-field wpforms-field-number\" data-field-id=\"15\"><label class=\"wpforms-field-label\" for=\"wpforms-74-field_15\">Preisvorstellung<\/label><input type=\"number\" id=\"wpforms-74-field_15\" class=\"wpforms-field-medium\" name=\"wpforms[fields][15]\" step=\"any\" aria-errormessage=\"wpforms-74-field_15-error\" aria-describedby=\"wpforms-74-field_15-description\" ><div id=\"wpforms-74-field_15-description\" class=\"wpforms-field-description\">Geben Sie Ihren Wunschpreis an.<\/div><\/div><div id=\"wpforms-74-field_8-container\" class=\"wpforms-field wpforms-field-name\" data-field-id=\"8\"><fieldset><legend class=\"wpforms-field-label\">Name <span class=\"wpforms-required-label\" aria-hidden=\"true\">*<\/span><\/legend><div class=\"wpforms-field-row wpforms-field-medium\"><div class=\"wpforms-field-row-block wpforms-first wpforms-one-half\"><input type=\"text\" id=\"wpforms-74-field_8\" class=\"wpforms-field-name-first wpforms-field-required\" name=\"wpforms[fields][8][first]\" aria-errormessage=\"wpforms-74-field_8-error\" required><label for=\"wpforms-74-field_8\" class=\"wpforms-field-sublabel after\">First<\/label><\/div><div class=\"wpforms-field-row-block wpforms-one-half\"><input type=\"text\" id=\"wpforms-74-field_8-last\" class=\"wpforms-field-name-last wpforms-field-required\" name=\"wpforms[fields][8][last]\" aria-errormessage=\"wpforms-74-field_8-last-error\" required><label for=\"wpforms-74-field_8-last\" class=\"wpforms-field-sublabel after\">Last<\/label><\/div><\/div><\/fieldset><\/div><div id=\"wpforms-74-field_7-container\" class=\"wpforms-field wpforms-field-email\" data-field-id=\"7\"><fieldset><legend class=\"wpforms-field-label\">Email <span class=\"wpforms-required-label\" aria-hidden=\"true\">*<\/span><\/legend><div class=\"wpforms-field-row wpforms-field-medium\"><div class=\"wpforms-field-row-block wpforms-one-half wpforms-first\"><input type=\"email\" id=\"wpforms-74-field_7\" class=\"wpforms-field-required wpforms-field-email-primary\" name=\"wpforms[fields][7][primary]\" spellcheck=\"false\" aria-errormessage=\"wpforms-74-field_7-error\" required><label for=\"wpforms-74-field_7\" class=\"wpforms-field-sublabel after\">Email<\/label><\/div><div class=\"wpforms-field-row-block wpforms-one-half\"><input type=\"email\" id=\"wpforms-74-field_7-secondary\" class=\"wpforms-field-email-secondary wpforms-field-required\" data-rule-confirm=\"#wpforms-74-field_7\" name=\"wpforms[fields][7][secondary]\" spellcheck=\"false\" aria-errormessage=\"wpforms-74-field_7-secondary-error\" required><label for=\"wpforms-74-field_7-secondary\" class=\"wpforms-field-sublabel after\">Confirm Email<\/label><\/div><\/div><\/fieldset><\/div><div id=\"wpforms-74-field_19-container\" class=\"wpforms-field wpforms-field-checkbox\" data-field-id=\"19\"><fieldset><legend class=\"wpforms-field-label\">Datenschutz <span class=\"wpforms-required-label\" aria-hidden=\"true\">*<\/span><\/legend><ul id=\"wpforms-74-field_19\" class=\"wpforms-field-required\"><li class=\"choice-1 depth-1\"><input type=\"checkbox\" id=\"wpforms-74-field_19_1\" name=\"wpforms[fields][19][]\" value=\"Ich stimme der Verarbeitung meiner Daten gem\u00e4\u00df der Datenschutzerkl\u00e4rung (s.u.) zu.\" aria-errormessage=\"wpforms-74-field_19_1-error\" required ><label class=\"wpforms-field-label-inline\" for=\"wpforms-74-field_19_1\">Ich stimme der Verarbeitung meiner Daten gem\u00e4\u00df der Datenschutzerkl\u00e4rung (s.u.) zu.<\/label><\/li><\/ul><\/fieldset><\/div><script>\n\t\t\t\t( function() {\n\t\t\t\t\tconst style = document.createElement( 'style' );\n\t\t\t\t\tstyle.appendChild( document.createTextNode( '#wpforms-74-field_1-container { position: absolute !important; overflow: hidden !important; display: inline !important; height: 1px !important; width: 1px !important; z-index: -1000 !important; padding: 0 !important; } #wpforms-74-field_1-container input { visibility: hidden; } #wpforms-conversational-form-page #wpforms-74-field_1-container label { counter-increment: none; }' ) );\n\t\t\t\t\tdocument.head.appendChild( style );\n\t\t\t\t\tdocument.currentScript?.remove();\n\t\t\t\t} )();\n\t\t\t<\/script><\/div><!-- .wpforms-field-container --><div class=\"wpforms-recaptcha-container wpforms-is-recaptcha wpforms-is-recaptcha-type-v3\" ><input type=\"hidden\" name=\"wpforms[recaptcha]\" value=\"\"><\/div><div class=\"wpforms-submit-container\" ><input type=\"hidden\" name=\"wpforms[id]\" value=\"74\"><input type=\"hidden\" name=\"page_title\" value=\"\"><input type=\"hidden\" name=\"page_url\" value=\"https:\/\/pmr-parts.com\/en\/wp-json\/wp\/v2\/pages\/64\"><input type=\"hidden\" name=\"url_referer\" value=\"\"><button type=\"submit\" name=\"wpforms[submit]\" id=\"wpforms-submit-74\" class=\"wpforms-submit\" data-alt-text=\"\u00dcbermittelt Fahrzeugsdaten\" data-submit-text=\"Ich m\u00f6chte ein Angebot erhalten\" aria-live=\"assertive\" value=\"wpforms-submit\">Ich m\u00f6chte ein Angebot erhalten<\/button><img loading=\"lazy\" decoding=\"async\" src=\"https:\/\/pmr-parts.com\/wp-content\/plugins\/wpforms-lite\/assets\/images\/submit-spin.svg\" class=\"wpforms-submit-spinner\" style=\"display: none;\" width=\"26\" height=\"26\" alt=\"Loading\"><\/div><\/form><\/div>  <!-- .wpforms-container -->\n\n\n\n<p><\/p>\n","protected":false},"excerpt":{"rendered":"<p>Send us information about your motorbike and we will send you a purchase offer. Quick, straightforward and fair.<\/p>","protected":false},"author":1,"featured_media":0,"parent":0,"menu_order":0,"comment_status":"closed","ping_status":"closed","template":"","meta":{"footnotes":""},"class_list":["post-64","page","type-page","status-publish","hentry"],"_links":{"self":[{"href":"https:\/\/pmr-parts.com\/en\/wp-json\/wp\/v2\/pages\/64","targetHints":{"allow":["GET"]}}],"collection":[{"href":"https:\/\/pmr-parts.com\/en\/wp-json\/wp\/v2\/pages"}],"about":[{"href":"https:\/\/pmr-parts.com\/en\/wp-json\/wp\/v2\/types\/page"}],"author":[{"embeddable":true,"href":"https:\/\/pmr-parts.com\/en\/wp-json\/wp\/v2\/users\/1"}],"replies":[{"embeddable":true,"href":"https:\/\/pmr-parts.com\/en\/wp-json\/wp\/v2\/comments?post=64"}],"version-history":[{"count":7,"href":"https:\/\/pmr-parts.com\/en\/wp-json\/wp\/v2\/pages\/64\/revisions"}],"predecessor-version":[{"id":132,"href":"https:\/\/pmr-parts.com\/en\/wp-json\/wp\/v2\/pages\/64\/revisions\/132"}],"wp:attachment":[{"href":"https:\/\/pmr-parts.com\/en\/wp-json\/wp\/v2\/media?parent=64"}],"curies":[{"name":"wp","href":"https:\/\/api.w.org\/{rel}","templated":true}]}}